{"id":7867,"date":"2018-05-13T20:59:43","date_gmt":"2018-05-13T18:59:43","guid":{"rendered":"http:\/\/www.rutasyrestaurantes.com\/cookie-policy\/"},"modified":"2018-05-13T22:04:54","modified_gmt":"2018-05-13T20:04:54","slug":"cookie-policy","status":"publish","type":"page","link":"https:\/\/www.rutasyrestaurantes.com\/?page_id=7867","title":{"rendered":"Politica de Cookies"},"content":{"rendered":"<div class=\" et_pb_row et_pb_row_0\">\n<div class=\"et_pb_column et_pb_column_4_4 et_pb_column_0\">\n<div class=\"et_pb_text et_pb_module et_pb_bg_layout_light et_pb_text_align_left et_pb_text_0\">\n<h3>Tipos de \u2018cookies\u2019 utilizadas<\/h3>\n<p>Esta web utiliza tanto \u2018cookies\u2019 temporales de sesi\u00f3n como \u2018cookies\u2019 permanentes. Las \u2018cookies\u2019 de sesi\u00f3n almacenan datos \u00fanicamente mientras el usuario accede a la web y las \u2018cookies\u2019 permanentes almacenan los datos en el terminal para que sean accedidos y utilizados en m\u00e1s de una sesi\u00f3n.<\/p>\n<p>Seg\u00fan la finalidad para la que se traten los datos obtenidos a trav\u00e9s de las \u2018cookies\u2019, el web puede utilizar:<\/p>\n<h4>\u2018Cookies\u2019 t\u00e9cnicas<\/h4>\n<p>Son aqu\u00e9llas que permiten al usuario la navegaci\u00f3n a trav\u00e9s de la p\u00e1gina web o aplicaci\u00f3n y la utilizaci\u00f3n de las diferentes opciones o servicios que en ella existen. Por ejemplo, controlar el tr\u00e1fico y la comunicaci\u00f3n de datos, identificar la sesi\u00f3n, acceder a las partes web de acceso restringido, recordar los elementos que integran un pedido, realizar la solicitud de inscripci\u00f3n o participaci\u00f3n en un evento, utilizar elementos de seguridad durante la navegaci\u00f3n y almacenar contenidos para la difusi\u00f3n de videos o sonido.<\/p>\n<h4>\u2018Cookies\u2019 de personalizaci\u00f3n<\/h4>\n<p>Son aqu\u00e9llas que permiten al usuario acceder al servicio con algunas caracter\u00edsticas de car\u00e1cter general predefinidas en su terminal o que el propio usuario defina. Por ejemplo, el idioma, el tipo de navegador a trav\u00e9s del cual accede al servicio, el dise\u00f1o de contenidos seleccionado, geolocalizaci\u00f3n del terminal y la configuraci\u00f3n regional desde donde se accede al servicio.<\/p>\n<h4>\u2018Cookies\u2019 publicitarias<\/h4>\n<p>Son aqu\u00e9llas que permiten la gesti\u00f3n eficaz de los espacios publicitarios que se han incluido en la p\u00e1gina web o aplicaci\u00f3n desde la que se presta el servicio. Permiten adecuar el contenido de la publicidad para que esta sea relevante para el usuario y para evitar mostrar anuncios que el usuario ya haya visto.<\/p>\n<h4>\u2018Cookies\u2019 de an\u00e1lisis estad\u00edstico<\/h4>\n<p>Son aqu\u00e9llas que permiten realizar el seguimiento y an\u00e1lisis del comportamiento de los usuarios en los sitios web. La informaci\u00f3n recogida mediante este tipo de \u2018cookies\u2019 se utiliza en la medici\u00f3n de la actividad de los sitios web, aplicaci\u00f3n o plataforma y para la elaboraci\u00f3n de perfiles de navegaci\u00f3n de los usuarios de dichos sitios, con el fin de introducir mejoras en el servicio en funci\u00f3n de los datos de uso que hacen los usuarios.<\/p>\n<h4>\u2018Cookies\u2019 de terceros<\/h4>\n<p>En algunas p\u00e1ginas web se pueden instalar \u2018cookies\u2019 de terceros que permiten gestionar y mejorar los servicios ofrecidos. Como por ejemplo, servicios estad\u00edsticos de Google Analytics y Comscore.<\/p>\n<h3>\u00bfC\u00f3mo administrar \u2018cookies\u2019 en el navegador?<\/h3>\n<p>El usuario tiene la opci\u00f3n de permitir, bloquear o eliminar las \u2018cookies\u2019 instaladas en su equipo mediante la configuraci\u00f3n de las opciones del navegador instalado en su terminal:<\/p>\n<p>Para ajustar los permisos relacionados con las \u2018cookies\u2019 en el navegador <strong>Google Chrome<\/strong>:<\/p>\n<ul>\n<li>Hacer clic en el men\u00fa situado en la barra de herramientas.<\/li>\n<li>Seleccionar <strong>Configuraci\u00f3n<\/strong>.<\/li>\n<li>Hacer clic en <strong>Mostar opciones avanzadas<\/strong>.<\/li>\n<li>En la secci\u00f3n \u2018Privacidad\u2019 hacer clic en el bot\u00f3n <strong>Configuraci\u00f3n de contenido<\/strong>.<\/li>\n<li>En la secci\u00f3n de \u2018Cookies\u2019 se pueden configurar las opciones.<\/li>\n<\/ul>\n<p><a href=\"https:\/\/support.google.com\/chrome\/answer\/95647?hl=es\" target=\"_blank\" rel=\"nofollow noopener\">M\u00e1s informaci\u00f3n sobre Google Chrome<\/a><\/p>\n<p>Para ajustar los permisos relacionados con las \u2018cookies\u2019 en el navegador <strong>Mozilla Firefox<\/strong>:<\/p>\n<ul>\n<li>En la parte superior de la ventana de Firefox hacer clic en el men\u00fa <strong>Herramientas<\/strong>.<\/li>\n<li>Seleccionar <strong>Opciones.<\/strong><\/li>\n<li>Seleccionar el panel <strong>Privacidad<\/strong>.<\/li>\n<li>En la opci\u00f3n Firefox podr\u00e1 elegir <strong>Usar una configuraci\u00f3n personalizada para el historial <\/strong>para configurar las opciones.<\/li>\n<\/ul>\n<p><a href=\"https:\/\/support.mozilla.org\/es\/kb\/cookies-informacion-que-los-sitios-web-guardan-en-\" target=\"_blank\" rel=\"nofollow noopener\">M\u00e1s informaci\u00f3n sobre Mozilla Firefox<\/a><\/p>\n<p>Para ajustar los permisos relacionados con las \u2018cookies\u2019 en el navegador <strong>Internet Explorer 9<\/strong>:<\/p>\n<ul>\n<li>En la parte superior de la ventana de Internet Explorer hacer clic en el men\u00fa<strong>Herramientas.<\/strong><\/li>\n<li>Seleccionar la pesta\u00f1a de <strong>Seguridad<\/strong> y utilizar la opci\u00f3n <strong>Eliminar el historial de exploraci\u00f3n<\/strong> para eliminar las \u2018cookies\u2019. Activar la casilla <strong>\u2018Cookies\u2019 <\/strong>y, a continuaci\u00f3n, hacer clic en <strong>Eliminar<\/strong>.<\/li>\n<li>Seleccionar la pesta\u00f1a de <strong>Seguridad<\/strong> y acceder a <strong>Configuraci\u00f3n<\/strong>. Mover el control deslizante totalmente hacia arriba para bloquear todas las \u2018cookies\u2019 o totalmente hacia abajo para permitir todas las \u2018cookies\u2019. Tras ello, hacer clic en <strong>Aceptar<\/strong>.<\/li>\n<\/ul>\n<p><a href=\"http:\/\/windows.microsoft.com\/es-es\/windows7\/how-to-manage-cookies-in-internet-explorer-9\" target=\"_blank\" rel=\"nofollow noopener\">M\u00e1s informaci\u00f3n sobre Internet Explorer 9<\/a><\/p>\n<p>En caso de bloquear el uso de \u2018cookies\u2019 en su navegador es posible que algunos servicios o funcionalidades de la p\u00e1gina web no est\u00e9n disponibles.<\/p>\n<p>En algunos navegadores se pueden configurar reglas espec\u00edficas para administrar \u2018cookies\u2019 por sitio web, lo que ofrece un control m\u00e1s preciso sobre la privacidad. Esto significa que se puede inhabilitar \u2018cookies\u2019 de todos los sitios salvo de aquellos en los que se conf\u00ede.<\/p>\n<\/div>\n<\/div>\n<\/div>\n","protected":false},"excerpt":{"rendered":"<p>Tipos de \u2018cookies\u2019 utilizadas Esta web utiliza tanto \u2018cookies\u2019 temporales de sesi\u00f3n como \u2018cookies\u2019 permanentes. Las \u2018cookies\u2019 de sesi\u00f3n almacenan datos \u00fanicamente mientras el usuario accede a la web y las \u2018cookies\u2019 permanentes almacenan los datos en el terminal para que sean accedidos y utilizados en m\u00e1s de una sesi\u00f3n. &#8230;<\/p>\n","protected":false},"author":3,"featured_media":0,"parent":1127,"menu_order":0,"comment_status":"closed","ping_status":"closed","template":"","meta":[],"_links":{"self":[{"href":"https:\/\/www.rutasyrestaurantes.com\/index.php?rest_route=\/wp\/v2\/pages\/7867"}],"collection":[{"href":"https:\/\/www.rutasyrestaurantes.com\/index.php?rest_route=\/wp\/v2\/pages"}],"about":[{"href":"https:\/\/www.rutasyrestaurantes.com\/index.php?rest_route=\/wp\/v2\/types\/page"}],"author":[{"embeddable":true,"href":"https:\/\/www.rutasyrestaurantes.com\/index.php?rest_route=\/wp\/v2\/users\/3"}],"replies":[{"embeddable":true,"href":"https:\/\/www.rutasyrestaurantes.com\/index.php?rest_route=%2Fwp%2Fv2%2Fcomments&post=7867"}],"version-history":[{"count":2,"href":"https:\/\/www.rutasyrestaurantes.com\/index.php?rest_route=\/wp\/v2\/pages\/7867\/revisions"}],"predecessor-version":[{"id":7869,"href":"https:\/\/www.rutasyrestaurantes.com\/index.php?rest_route=\/wp\/v2\/pages\/7867\/revisions\/7869"}],"up":[{"embeddable":true,"href":"https:\/\/www.rutasyrestaurantes.com\/index.php?rest_route=\/wp\/v2\/pages\/1127"}],"wp:attachment":[{"href":"https:\/\/www.rutasyrestaurantes.com\/index.php?rest_route=%2Fwp%2Fv2%2Fmedia&parent=7867"}],"curies":[{"name":"wp","href":"https:\/\/api.w.org\/{rel}","templated":true}]}}